{"id":229,"date":"2024-04-19T15:16:03","date_gmt":"2024-04-19T15:16:03","guid":{"rendered":"https:\/\/rythmotrade.com\/uber-uns\/"},"modified":"2024-05-15T08:26:59","modified_gmt":"2024-05-15T08:26:59","slug":"uber-uns","status":"publish","type":"page","link":"https:\/\/rythmotrade.com\/de-at\/uber-uns\/","title":{"rendered":"\u00dcber uns"},"content":{"rendered":"\n<h1 class=\"wp-block-heading has-text-align-center\">\u00dcber RythmoTrade<\/h1>\n\n<p class=\"has-text-align-center\">Wir bei RythmoTrade haben es uns zur Aufgabe gemacht, die Art und Weise, wie Menschen in Kryptow\u00e4hrungen investieren, zu revolutionieren. Wir sind der Meinung, dass jeder Zugang zu leistungsstarken Tools und Strategien haben sollte, um den Kryptohandel zu automatisieren und seine potenziellen Ertr\u00e4ge zu maximieren.<\/p>\n\n<h2 class=\"wp-block-heading has-text-align-center\">Unsere Geschichte<\/h2>\n\n<p class=\"has-text-align-center\">RythmoTrade wurde 2020 von einem Team erfahrener Trader und Software-Ingenieure gegr\u00fcndet, die die Chance sahen, den Kryptohandel zu demokratisieren. Sie stellten fest, dass viele Anleger Schwierigkeiten hatten, mit der Schnelllebigkeit der Kryptom\u00e4rkte, die rund um die Uhr laufen, Schritt zu halten, und dass sie profitable Gelegenheiten verpassten. Also machten sie sich daran, eine Plattform zu schaffen, die es jedem, unabh\u00e4ngig von seiner Handelserfahrung oder seinen technischen F\u00e4higkeiten, erm\u00f6glicht, auf einfache Weise seine eigenen Handelsroboter zu erstellen und einzusetzen.<\/p>\n\n<p class=\"has-text-align-center\">Heute ist RythmoTrade zu einer florierenden Gemeinschaft von H\u00e4ndlern, Entwicklern und Investoren aus der ganzen Welt herangewachsen. Unsere Plattform bietet eine breite Palette von Funktionen und Tools, die Ihnen helfen, Ihre Handelsstrategien zu automatisieren, darunter:<\/p>\n\n<ul class=\"wp-block-list\">\n<li>Ein benutzerfreundlicher, webbasierter Editor zur Erstellung benutzerdefinierter Trading Bots (mit Unterst\u00fctzung f\u00fcr Python und visuelle Programmierung)<\/li>\n\n\n\n<li>Eine schnelle und zuverl\u00e4ssige Backtesting-Engine zum Testen von Strategien anhand historischer Daten<\/li>\n\n\n\n<li>Einfache Bereitstellung von Bots f\u00fcr Ihre bevorzugten Krypto-B\u00f6rsen<\/li>\n\n\n\n<li>Ein Marktplatz f\u00fcr die Vermietung von profitablen Bots, die von erfahrenen H\u00e4ndlern erstellt wurden<\/li>\n\n\n\n<li>Margin-Handel mit bis zu 5-facher Hebelwirkung (f\u00fcr Benutzer, die unser Addon Margin Trading abonnieren)<\/li>\n<\/ul>\n\r\n<section class=\"content_with_image_section\">\r\n    <div class=\"container\">\r\n        <div class=\"row\">\r\n            <div class=\"col-12\">\r\n                <div class=\"content_w_image right\" id=\"image_w_text_section-block_acead275edee70fe217e6e87ecf7cd06\">\r\n                    <div class=\"content bottom_self\">\r\n                        <div>\r\n                            <h2 class=\"whitespace-pre-wrap break-words\">Unser Fokus auf Sicherheit<\/h2>\n<p class=\"whitespace-pre-wrap break-words\">Wir bei RythmoTrade wissen, dass Sicherheit an erster Stelle steht, wenn es um Ihr Geld und Ihr geistiges Eigentum geht. Deshalb verwenden wir modernste Verschl\u00fcsselung und sichere APIs, um Ihre Daten und Verm\u00f6genswerte zu sch\u00fctzen. Wir haben niemals Zugang zu den geheimen Schl\u00fcsseln Ihrer Austausch-API, die sicher auf Ihrem Ger\u00e4t gespeichert bleiben. Mit RythmoTrade haben Sie die Gewissheit, dass Ihre Gelder und Algorithmen sicher und gesch\u00fctzt sind.<\/p>\n                        <\/div>\r\n                    <\/div>\r\n                    <div class=\"img\">\r\n                        <img decoding=\"async\" src=\"https:\/\/rythmotrade.com\/wp-content\/uploads\/2024\/04\/rythmotrade-favicon-color.svg\" alt=\"Image\">\r\n                        <div class=\"image_wrapper\"><\/div>\r\n                    <\/div>\r\n                <\/div>\r\n            <\/div>\r\n        <\/div>\r\n    <\/div>\r\n<\/section>\r\n\r\n<style>\r\n.content_w_image#image_w_text_section-block_acead275edee70fe217e6e87ecf7cd06 {\r\n  position: relative;\r\n  display: flex;\r\n  flex-direction: row;\r\n  align-items: stretch;\r\n  justify-content: flex-start;\r\n  width: 100%;\r\n  gap: 30px;\r\n  flex-wrap: wrap;\r\n}\r\n.content_w_image#image_w_text_section-block_acead275edee70fe217e6e87ecf7cd06 .content {\r\n  display: flex;\r\n  flex-direction: row;\r\n  justify-content: flex-start;\r\n  width: calc(50% - 15px);\r\n}\r\n@media (max-width: 991px) {\r\n  .content_w_image#image_w_text_section-block_acead275edee70fe217e6e87ecf7cd06 .content {\r\n    width: 100%;\r\n  }\r\n}\r\n.content_w_image#image_w_text_section-block_acead275edee70fe217e6e87ecf7cd06 .content.bottom_self {\r\n  align-items: flex-end;\r\n}\r\n.content_w_image#image_w_text_section-block_acead275edee70fe217e6e87ecf7cd06 .content > div {\r\n  position: relative;\r\n  display: block;\r\n  width: 100%;\r\n}\r\n.content_w_image#image_w_text_section-block_acead275edee70fe217e6e87ecf7cd06 .img {\r\n    position: relative;\r\n    display: block;\r\n    width: calc(50% - 15px);\r\n    min-height:400px;\r\n}\r\n.content_w_image#image_w_text_section-block_acead275edee70fe217e6e87ecf7cd06 .img .image_wrapper{\r\n    position: absolute;\r\n    display: block;\r\n    width: 100%;\r\n    height:70%;\r\n    bottom:0;\r\n    background: linear-gradient(90deg, rgba(79,15,119,1), rgba(79,15,119,0.25));\r\n    z-index: 1;\r\n    border-radius:20px;\r\n}\r\n@media (max-width: 991px) {\r\n  .content_w_image#image_w_text_section-block_acead275edee70fe217e6e87ecf7cd06 .img {\r\n    width: 100%;\r\n  }\r\n}\r\n.content_w_image#image_w_text_section-block_acead275edee70fe217e6e87ecf7cd06 .img img {\r\n  position: absolute;\r\n  display: block;\r\n  max-height: 100%;\r\n  min-height:420px;\r\n  max-width: 100%;\r\n  bottom:0;\r\n  object-position: bottom center;\r\n  object-fit: cover;\r\n  z-index: 2;\r\n  left:50%;\r\n  transform:translateX(-50%);\r\n}\r\n.content_w_image#image_w_text_section-block_acead275edee70fe217e6e87ecf7cd06.right .content {\r\n  order: 1;\r\n}\r\n@media (max-width: 991px) {\r\n  .content_w_image#image_w_text_section-block_acead275edee70fe217e6e87ecf7cd06.right .content {\r\n    order: 2;\r\n  }\r\n}\r\n.content_w_image#image_w_text_section-block_acead275edee70fe217e6e87ecf7cd06.right .img {\r\n  order: 2;\r\n}\r\n@media (max-width: 991px) {\r\n  .content_w_image#image_w_text_section-block_acead275edee70fe217e6e87ecf7cd06.right .img {\r\n    order: 1;\r\n  }\r\n}\r\n.content_w_image#image_w_text_section-block_acead275edee70fe217e6e87ecf7cd06.left .content {\r\n  order: 2;\r\n}\r\n@media (max-width: 991px) {\r\n  .content_w_image#image_w_text_section-block_acead275edee70fe217e6e87ecf7cd06.left .content {\r\n    order: 2;\r\n  }\r\n}\r\n.content_w_image#image_w_text_section-block_acead275edee70fe217e6e87ecf7cd06.left .img {\r\n  order: 1;\r\n}\r\n@media (max-width: 991px) {\r\n  .content_w_image#image_w_text_section-block_acead275edee70fe217e6e87ecf7cd06.left .img {\r\n    order: 1;\r\n  }\r\n}\r\n<\/style>\n<h2 class=\"wp-block-heading has-text-align-center\">Unser Engagement f\u00fcr unsere Benutzer<\/h2>\n\n<p class=\"has-text-align-center\">Wir sind bestrebt, unseren Nutzern die bestm\u00f6gliche Erfahrung auf unserer Plattform zu bieten. Das bedeutet, dass wir unsere Tools und Funktionen auf der Grundlage von Benutzerfeedback st\u00e4ndig erneuern und verbessern. Das bedeutet auch, dass wir einen erstklassigen Kundensupport anbieten, damit die Nutzer das Beste aus RythmoTrade herausholen k\u00f6nnen.<\/p>\n\n<p class=\"has-text-align-center\">Egal, ob Sie ein erfahrener Trader sind, der seine Strategien automatisieren m\u00f6chte, oder ein Anf\u00e4nger, der mit Krypto-Investitionen beginnen m\u00f6chte, RythmoTrade hat etwas zu bieten. Wir laden Sie ein, noch heute ein Konto zu er\u00f6ffnen und alle M\u00f6glichkeiten des automatisierten Kryptohandels zu erkunden. Begleiten Sie uns auf dieser aufregenden Reise, w\u00e4hrend wir gemeinsam die Zukunft des Krypto-Investierens gestalten!<\/p>\n","protected":false},"excerpt":{"rendered":"<p>\u00dcber RythmoTrade Wir bei RythmoTrade haben es uns zur Aufgabe gemacht, die Art und Weise, wie Menschen in Kryptow\u00e4hrungen investieren, zu revolutionieren. Wir sind der Meinung, dass jeder Zugang zu leistungsstarken Tools und Strategien haben sollte, um den Kryptohandel zu automatisieren und seine potenziellen Ertr\u00e4ge zu maximieren. Unsere Geschichte RythmoTrade wurde 2020 von einem Team [&hellip;]<\/p>\n","protected":false},"author":1,"featured_media":0,"parent":0,"menu_order":0,"comment_status":"closed","ping_status":"closed","template":"","meta":{"_acf_changed":false,"inline_featured_image":false,"_monsterinsights_skip_tracking":false,"_monsterinsights_sitenote_active":false,"_monsterinsights_sitenote_note":"","_monsterinsights_sitenote_category":0,"footnotes":""},"class_list":["post-229","page","type-page","status-publish","hentry"],"acf":[],"_links":{"self":[{"href":"https:\/\/rythmotrade.com\/de-at\/wp-json\/wp\/v2\/pages\/229","targetHints":{"allow":["GET"]}}],"collection":[{"href":"https:\/\/rythmotrade.com\/de-at\/wp-json\/wp\/v2\/pages"}],"about":[{"href":"https:\/\/rythmotrade.com\/de-at\/wp-json\/wp\/v2\/types\/page"}],"author":[{"embeddable":true,"href":"https:\/\/rythmotrade.com\/de-at\/wp-json\/wp\/v2\/users\/1"}],"replies":[{"embeddable":true,"href":"https:\/\/rythmotrade.com\/de-at\/wp-json\/wp\/v2\/comments?post=229"}],"version-history":[{"count":0,"href":"https:\/\/rythmotrade.com\/de-at\/wp-json\/wp\/v2\/pages\/229\/revisions"}],"wp:attachment":[{"href":"https:\/\/rythmotrade.com\/de-at\/wp-json\/wp\/v2\/media?parent=229"}],"curies":[{"name":"wp","href":"https:\/\/api.w.org\/{rel}","templated":true}]}}