{"id":226,"date":"2024-04-19T15:22:48","date_gmt":"2024-04-19T15:22:48","guid":{"rendered":"https:\/\/rythmotrade.com\/kontaktieren-sie-uns\/"},"modified":"2024-05-15T08:26:58","modified_gmt":"2024-05-15T08:26:58","slug":"kontaktieren-sie-uns","status":"publish","type":"page","link":"https:\/\/rythmotrade.com\/de-lu\/kontaktieren-sie-uns\/","title":{"rendered":"Kontaktieren Sie uns"},"content":{"rendered":"\n<h1 class=\"wp-block-heading\">Kontaktieren Sie uns<\/h1>\n\n<p>Wir bei RythmoTrade legen Wert auf eine offene Kommunikation mit unseren Nutzern und freuen uns immer, von Ihnen zu h\u00f6ren. Ganz gleich, ob Sie eine Frage oder einen Vorschlag haben oder einfach nur Ihre Erfahrungen mit unserer Plattform mitteilen m\u00f6chten, unser freundliches und sachkundiges Support-Team ist f\u00fcr Sie da.<\/p>\n\n<div class=\"wp-block-columns is-layout-flex wp-container-core-columns-is-layout-9d6595d7 wp-block-columns-is-layout-flex\">\n<div class=\"wp-block-column is-layout-flow wp-block-column-is-layout-flow\">\n<h2 class=\"wp-block-heading\">Wie Sie uns kontaktieren k\u00f6nnen<\/h2>\n\n\n\n<ul class=\"wp-block-list\">\n<li><strong>Support-Ticket einreichen<\/strong> &#8211; Der schnellste und effizienteste Weg, mit uns in Kontakt zu treten, ist das Einreichen eines Support-Tickets \u00fcber unser Help Center. Klicken Sie einfach auf die Schaltfl\u00e4che &#8220;Ticket einreichen&#8221; und f\u00fcllen Sie das Formular mit Ihrer Frage oder Ihrem Anliegen aus. Unser Support-Team wird sich so schnell wie m\u00f6glich bei Ihnen melden, normalerweise innerhalb von 24 Stunden.<\/li>\n\n\n\n<li><strong>E-Mail<\/strong> &#8211; Wir Sie k\u00f6nnen uns auch direkt erreichen, indem Sie eine E-Mail an <a href=\"mailto:support@rythmotrade.com\">support@rythmotrade.com senden.<\/a> Bitte beschreiben Sie Ihr Problem oder Ihre Frage so detailliert wie m\u00f6glich, und wir werden unser Bestes tun, um Ihnen eine schnelle und hilfreiche Antwort zu geben.<\/li>\n<\/ul>\n<\/div>\n\n\n\n<div class=\"wp-block-column is-layout-flow wp-block-column-is-layout-flow\">\n<h2 class=\"wp-block-heading\">Kontaktinformationen<\/h2>\n\n\n\n<p>Wir freuen uns immer, von unseren Nutzern zu h\u00f6ren und freuen uns darauf, Ihnen dabei zu helfen, das Beste aus Ihrer RythmoTrade-Erfahrung zu machen. Z\u00f6gern Sie nicht, uns zu kontaktieren, wenn Sie Fragen, Kommentare oder Bedenken haben. Vielen Dank, dass Sie RythmoTrade als Ihre vertrauensw\u00fcrdige Plattform f\u00fcr den automatisierten Kryptohandel gew\u00e4hlt haben!<\/p>\n\n\n\n<div class=\"wpcf7 no-js\" id=\"wpcf7-f72-o1\" lang=\"en-US\" dir=\"ltr\">\n<div class=\"screen-reader-response\"><p role=\"status\" aria-live=\"polite\" aria-atomic=\"true\"><\/p> <ul><\/ul><\/div>\n<form action=\"\/de-lu\/wp-json\/wp\/v2\/pages\/226#wpcf7-f72-o1\" method=\"post\" class=\"wpcf7-form init\" aria-label=\"Contact form\" novalidate=\"novalidate\" data-status=\"init\">\n<div style=\"display: none;\">\n<input type=\"hidden\" name=\"_wpcf7\" value=\"72\" \/>\n<input type=\"hidden\" name=\"_wpcf7_version\" value=\"5.9.4\" \/>\n<input type=\"hidden\" name=\"_wpcf7_locale\" value=\"en_US\" \/>\n<input type=\"hidden\" name=\"_wpcf7_unit_tag\" value=\"wpcf7-f72-o1\" \/>\n<input type=\"hidden\" name=\"_wpcf7_container_post\" value=\"0\" \/>\n<input type=\"hidden\" name=\"_wpcf7_posted_data_hash\" value=\"\" \/>\n<\/div>\n<p><label> Your name<br \/>\n<span class=\"wpcf7-form-control-wrap\" data-name=\"your-name\"><input size=\"40\" class=\"wpcf7-form-control wpcf7-text wpcf7-validates-as-required\" autocomplete=\"name\" aria-required=\"true\" aria-invalid=\"false\" value=\"\" type=\"text\" name=\"your-name\" \/><\/span> <\/label>\n<\/p>\n<p><label> Your email<br \/>\n<span class=\"wpcf7-form-control-wrap\" data-name=\"your-email\"><input size=\"40\" class=\"wpcf7-form-control wpcf7-email wpcf7-validates-as-required wpcf7-text wpcf7-validates-as-email\" autocomplete=\"email\" aria-required=\"true\" aria-invalid=\"false\" value=\"\" type=\"email\" name=\"your-email\" \/><\/span> <\/label>\n<\/p>\n<p><label> Subject<br \/>\n<span class=\"wpcf7-form-control-wrap\" data-name=\"your-subject\"><input size=\"40\" class=\"wpcf7-form-control wpcf7-text wpcf7-validates-as-required\" aria-required=\"true\" aria-invalid=\"false\" value=\"\" type=\"text\" name=\"your-subject\" \/><\/span> <\/label>\n<\/p>\n<p><label> Your message (optional)<br \/>\n<span class=\"wpcf7-form-control-wrap\" data-name=\"your-message\"><textarea cols=\"40\" rows=\"10\" class=\"wpcf7-form-control wpcf7-textarea\" aria-invalid=\"false\" name=\"your-message\"><\/textarea><\/span> <\/label>\n<\/p>\n<p><input class=\"wpcf7-form-control wpcf7-submit has-spinner\" type=\"submit\" value=\"Submit\" \/>\n<\/p><div class=\"wpcf7-response-output\" aria-hidden=\"true\"><\/div>\n<\/form>\n<\/div>\n\n<\/div>\n<\/div>\n","protected":false},"excerpt":{"rendered":"<p>Kontaktieren Sie uns Wir bei RythmoTrade legen Wert auf eine offene Kommunikation mit unseren Nutzern und freuen uns immer, von Ihnen zu h\u00f6ren. Ganz gleich, ob Sie eine Frage oder einen Vorschlag haben oder einfach nur Ihre Erfahrungen mit unserer Plattform mitteilen m\u00f6chten, unser freundliches und sachkundiges Support-Team ist f\u00fcr Sie da. Wie Sie uns [&hellip;]<\/p>\n","protected":false},"author":1,"featured_media":0,"parent":0,"menu_order":0,"comment_status":"closed","ping_status":"closed","template":"","meta":{"_acf_changed":false,"inline_featured_image":false,"_monsterinsights_skip_tracking":false,"_monsterinsights_sitenote_active":false,"_monsterinsights_sitenote_note":"","_monsterinsights_sitenote_category":0,"footnotes":""},"class_list":["post-226","page","type-page","status-publish","hentry"],"acf":[],"_links":{"self":[{"href":"https:\/\/rythmotrade.com\/de-lu\/wp-json\/wp\/v2\/pages\/226","targetHints":{"allow":["GET"]}}],"collection":[{"href":"https:\/\/rythmotrade.com\/de-lu\/wp-json\/wp\/v2\/pages"}],"about":[{"href":"https:\/\/rythmotrade.com\/de-lu\/wp-json\/wp\/v2\/types\/page"}],"author":[{"embeddable":true,"href":"https:\/\/rythmotrade.com\/de-lu\/wp-json\/wp\/v2\/users\/1"}],"replies":[{"embeddable":true,"href":"https:\/\/rythmotrade.com\/de-lu\/wp-json\/wp\/v2\/comments?post=226"}],"version-history":[{"count":0,"href":"https:\/\/rythmotrade.com\/de-lu\/wp-json\/wp\/v2\/pages\/226\/revisions"}],"wp:attachment":[{"href":"https:\/\/rythmotrade.com\/de-lu\/wp-json\/wp\/v2\/media?parent=226"}],"curies":[{"name":"wp","href":"https:\/\/api.w.org\/{rel}","templated":true}]}}