{"id":157,"date":"2024-04-19T15:22:48","date_gmt":"2024-04-19T15:22:48","guid":{"rendered":"https:\/\/rythmotrade.com\/contacta-con-nosotros\/"},"modified":"2024-04-19T16:06:59","modified_gmt":"2024-04-19T16:06:59","slug":"contacta-con-nosotros","status":"publish","type":"page","link":"https:\/\/rythmotrade.com\/es-cl\/contacta-con-nosotros\/","title":{"rendered":"Contacta con nosotros"},"content":{"rendered":"\n<h1 class=\"wp-block-heading\">Contacta con nosotros<\/h1>\n\n<p>En RythmoTrade, valoramos la comunicaci\u00f3n abierta con nuestros usuarios y siempre nos alegra saber de ti. Si tienes alguna pregunta, sugerencia o simplemente quieres compartir tu experiencia con nuestra plataforma, nuestro amable y experto equipo de asistencia est\u00e1 aqu\u00ed para ayudarte.<\/p>\n\n<div class=\"wp-block-columns is-layout-flex wp-container-core-columns-is-layout-9d6595d7 wp-block-columns-is-layout-flex\">\n<div class=\"wp-block-column is-layout-flow wp-block-column-is-layout-flow\">\n<h2 class=\"wp-block-heading\">Formas de contactar con nosotros<\/h2>\n\n\n\n<ul class=\"wp-block-list\">\n<li><strong>Env\u00eda un<\/strong> Ticket de Soporte &#8211; La forma m\u00e1s r\u00e1pida y eficaz de ponerte en contacto con nosotros es enviando un ticket de soporte a trav\u00e9s de nuestro Centro de Ayuda. S\u00f3lo tienes que hacer clic en el bot\u00f3n &#8220;Enviar un Ticket&#8221; y rellenar el formulario con tu pregunta o duda. Nuestro equipo de asistencia se pondr\u00e1 en contacto contigo lo antes posible, normalmente en 24 horas.<\/li>\n\n\n\n<li><strong>Correo electr\u00f3nico<\/strong> &#8211; Nosotros Tambi\u00e9n puedes contactar directamente con nosotros enviando un correo electr\u00f3nico a <a href=\"mailto:support@rythmotrade.com\">support@rythmotrade.com.<\/a> Incluye todos los detalles posibles sobre tu problema o pregunta, y haremos todo lo posible por darte una respuesta r\u00e1pida y \u00fatil.<\/li>\n<\/ul>\n<\/div>\n\n\n\n<div class=\"wp-block-column is-layout-flow wp-block-column-is-layout-flow\">\n<h2 class=\"wp-block-heading\">Informaci\u00f3n de contacto<\/h2>\n\n\n\n<p>Siempre nos entusiasma conocer la opini\u00f3n de nuestros usuarios y esperamos poder ayudarte a sacar el m\u00e1ximo partido a tu experiencia con RythmoTrade. No dudes en ponerte en contacto con nosotros si tienes alguna pregunta, comentario o inquietud. \u00a1Gracias por elegir RythmoTrade como tu plataforma de confianza para el comercio automatizado de criptomonedas!<\/p>\n\n\n\n<div class=\"wpcf7 no-js\" id=\"wpcf7-f72-o1\" lang=\"en-US\" dir=\"ltr\">\n<div class=\"screen-reader-response\"><p role=\"status\" aria-live=\"polite\" aria-atomic=\"true\"><\/p> <ul><\/ul><\/div>\n<form action=\"\/es-cl\/wp-json\/wp\/v2\/pages\/157#wpcf7-f72-o1\" method=\"post\" class=\"wpcf7-form init\" aria-label=\"Contact form\" novalidate=\"novalidate\" data-status=\"init\">\n<div style=\"display: none;\">\n<input type=\"hidden\" name=\"_wpcf7\" value=\"72\" \/>\n<input type=\"hidden\" name=\"_wpcf7_version\" value=\"5.9.4\" \/>\n<input type=\"hidden\" name=\"_wpcf7_locale\" value=\"en_US\" \/>\n<input type=\"hidden\" name=\"_wpcf7_unit_tag\" value=\"wpcf7-f72-o1\" \/>\n<input type=\"hidden\" name=\"_wpcf7_container_post\" value=\"0\" \/>\n<input type=\"hidden\" name=\"_wpcf7_posted_data_hash\" value=\"\" \/>\n<\/div>\n<p><label> Your name<br \/>\n<span class=\"wpcf7-form-control-wrap\" data-name=\"your-name\"><input size=\"40\" class=\"wpcf7-form-control wpcf7-text wpcf7-validates-as-required\" autocomplete=\"name\" aria-required=\"true\" aria-invalid=\"false\" value=\"\" type=\"text\" name=\"your-name\" \/><\/span> <\/label>\n<\/p>\n<p><label> Your email<br \/>\n<span class=\"wpcf7-form-control-wrap\" data-name=\"your-email\"><input size=\"40\" class=\"wpcf7-form-control wpcf7-email wpcf7-validates-as-required wpcf7-text wpcf7-validates-as-email\" autocomplete=\"email\" aria-required=\"true\" aria-invalid=\"false\" value=\"\" type=\"email\" name=\"your-email\" \/><\/span> <\/label>\n<\/p>\n<p><label> Subject<br \/>\n<span class=\"wpcf7-form-control-wrap\" data-name=\"your-subject\"><input size=\"40\" class=\"wpcf7-form-control wpcf7-text wpcf7-validates-as-required\" aria-required=\"true\" aria-invalid=\"false\" value=\"\" type=\"text\" name=\"your-subject\" \/><\/span> <\/label>\n<\/p>\n<p><label> Your message (optional)<br \/>\n<span class=\"wpcf7-form-control-wrap\" data-name=\"your-message\"><textarea cols=\"40\" rows=\"10\" class=\"wpcf7-form-control wpcf7-textarea\" aria-invalid=\"false\" name=\"your-message\"><\/textarea><\/span> <\/label>\n<\/p>\n<p><input class=\"wpcf7-form-control wpcf7-submit has-spinner\" type=\"submit\" value=\"Submit\" \/>\n<\/p><div class=\"wpcf7-response-output\" aria-hidden=\"true\"><\/div>\n<\/form>\n<\/div>\n\n<\/div>\n<\/div>\n","protected":false},"excerpt":{"rendered":"<p>Contacta con nosotros En RythmoTrade, valoramos la comunicaci\u00f3n abierta con nuestros usuarios y siempre nos alegra saber de ti. Si tienes alguna pregunta, sugerencia o simplemente quieres compartir tu experiencia con nuestra plataforma, nuestro amable y experto equipo de asistencia est\u00e1 aqu\u00ed para ayudarte. Formas de contactar con nosotros Informaci\u00f3n de contacto Siempre nos entusiasma [&hellip;]<\/p>\n","protected":false},"author":1,"featured_media":0,"parent":0,"menu_order":0,"comment_status":"closed","ping_status":"closed","template":"","meta":{"_acf_changed":false,"inline_featured_image":false,"_monsterinsights_skip_tracking":false,"_monsterinsights_sitenote_active":false,"_monsterinsights_sitenote_note":"","_monsterinsights_sitenote_category":0,"footnotes":""},"class_list":["post-157","page","type-page","status-publish","hentry"],"acf":[],"_links":{"self":[{"href":"https:\/\/rythmotrade.com\/es-cl\/wp-json\/wp\/v2\/pages\/157","targetHints":{"allow":["GET"]}}],"collection":[{"href":"https:\/\/rythmotrade.com\/es-cl\/wp-json\/wp\/v2\/pages"}],"about":[{"href":"https:\/\/rythmotrade.com\/es-cl\/wp-json\/wp\/v2\/types\/page"}],"author":[{"embeddable":true,"href":"https:\/\/rythmotrade.com\/es-cl\/wp-json\/wp\/v2\/users\/1"}],"replies":[{"embeddable":true,"href":"https:\/\/rythmotrade.com\/es-cl\/wp-json\/wp\/v2\/comments?post=157"}],"version-history":[{"count":0,"href":"https:\/\/rythmotrade.com\/es-cl\/wp-json\/wp\/v2\/pages\/157\/revisions"}],"wp:attachment":[{"href":"https:\/\/rythmotrade.com\/es-cl\/wp-json\/wp\/v2\/media?parent=157"}],"curies":[{"name":"wp","href":"https:\/\/api.w.org\/{rel}","templated":true}]}}