{"id":163,"date":"2024-04-19T15:16:03","date_gmt":"2024-04-19T15:16:03","guid":{"rendered":"https:\/\/rythmotrade.com\/sobre-nosotros\/"},"modified":"2024-04-19T16:07:02","modified_gmt":"2024-04-19T16:07:02","slug":"sobre-nosotros","status":"publish","type":"page","link":"https:\/\/rythmotrade.com\/es\/sobre-nosotros\/","title":{"rendered":"Sobre nosotros"},"content":{"rendered":"\n<h1 class=\"wp-block-heading has-text-align-center\">Acerca de RythmoTrade<\/h1>\n\n<p class=\"has-text-align-center\">En RythmoTrade, nuestra misi\u00f3n es revolucionar la forma de invertir en criptomonedas. Creemos que todo el mundo deber\u00eda tener acceso a potentes herramientas y estrategias para automatizar sus operaciones con criptomonedas y maximizar sus beneficios potenciales.<\/p>\n\n<h2 class=\"wp-block-heading has-text-align-center\">Nuestra historia<\/h2>\n\n<p class=\"has-text-align-center\">RythmoTrade fue fundada en 2020 por un equipo de operadores experimentados e ingenieros de software que vieron la oportunidad de democratizar el comercio de criptomonedas. Se dieron cuenta de que a muchos inversores les costaba seguir el ritmo acelerado y 24\/7 de los mercados de criptomonedas y perd\u00edan oportunidades rentables. As\u00ed que se propusieron crear una plataforma que permitiera a cualquiera, independientemente de su experiencia o conocimientos t\u00e9cnicos, crear y desplegar f\u00e1cilmente sus propios robots de negociaci\u00f3n.<\/p>\n\n<p class=\"has-text-align-center\">En la actualidad, RythmoTrade se ha convertido en una pr\u00f3spera comunidad de operadores, desarrolladores e inversores de todo el mundo. Nuestra plataforma ofrece una amplia gama de funciones y herramientas para ayudar a los usuarios a automatizar sus estrategias de negociaci\u00f3n, incluyendo:<\/p>\n\n<ul class=\"wp-block-list\">\n<li>Un editor web f\u00e1cil de usar para crear robots de negociaci\u00f3n personalizados (con soporte para Python y programaci\u00f3n visual).<\/li>\n\n\n\n<li>Un motor de backtesting r\u00e1pido y fiable para probar estrategias con datos hist\u00f3ricos<\/li>\n\n\n\n<li>F\u00e1cil despliegue de bots en tus bolsas de criptomonedas preferidas<\/li>\n\n\n\n<li>Un mercado para alquilar bots rentables creados por operadores experimentados<\/li>\n\n\n\n<li>Negociaci\u00f3n con margen con un apalancamiento de hasta 5x (para usuarios suscritos a nuestro complemento Negociaci\u00f3n con margen)<\/li>\n<\/ul>\n\r\n<section class=\"content_with_image_section\">\r\n    <div class=\"container\">\r\n        <div class=\"row\">\r\n            <div class=\"col-12\">\r\n                <div class=\"content_w_image right\" id=\"image_w_text_section-block_c574a2ee6370034db632398b3561bdcc\">\r\n                    <div class=\"content bottom_self\">\r\n                        <div>\r\n                            <h2 class=\"whitespace-pre-wrap break-words\">Nuestra atenci\u00f3n a la seguridad<\/h2>\n<p class=\"whitespace-pre-wrap break-words\">En RythmoTrade, entendemos que la seguridad es primordial cuando se trata de tus fondos y de tu propiedad intelectual. Por eso utilizamos cifrado de \u00faltima generaci\u00f3n y API seguras para proteger tus datos y activos. Nunca tenemos acceso a tus claves secretas de la API de intercambio, que permanecen almacenadas de forma segura en tu dispositivo. Con RythmoTrade, puedes estar tranquilo sabiendo que tus fondos y algoritmos est\u00e1n a salvo y seguros.<\/p>\n                        <\/div>\r\n                    <\/div>\r\n                    <div class=\"img\">\r\n                        <img decoding=\"async\" src=\"https:\/\/rythmotrade.com\/wp-content\/uploads\/2024\/04\/rythmotrade-favicon-color.svg\" alt=\"Image\">\r\n                        <div class=\"image_wrapper\"><\/div>\r\n                    <\/div>\r\n                <\/div>\r\n            <\/div>\r\n        <\/div>\r\n    <\/div>\r\n<\/section>\r\n\r\n<style>\r\n.content_w_image#image_w_text_section-block_c574a2ee6370034db632398b3561bdcc {\r\n  position: relative;\r\n  display: flex;\r\n  flex-direction: row;\r\n  align-items: stretch;\r\n  justify-content: flex-start;\r\n  width: 100%;\r\n  gap: 30px;\r\n  flex-wrap: wrap;\r\n}\r\n.content_w_image#image_w_text_section-block_c574a2ee6370034db632398b3561bdcc .content {\r\n  display: flex;\r\n  flex-direction: row;\r\n  justify-content: flex-start;\r\n  width: calc(50% - 15px);\r\n}\r\n@media (max-width: 991px) {\r\n  .content_w_image#image_w_text_section-block_c574a2ee6370034db632398b3561bdcc .content {\r\n    width: 100%;\r\n  }\r\n}\r\n.content_w_image#image_w_text_section-block_c574a2ee6370034db632398b3561bdcc .content.bottom_self {\r\n  align-items: flex-end;\r\n}\r\n.content_w_image#image_w_text_section-block_c574a2ee6370034db632398b3561bdcc .content > div {\r\n  position: relative;\r\n  display: block;\r\n  width: 100%;\r\n}\r\n.content_w_image#image_w_text_section-block_c574a2ee6370034db632398b3561bdcc .img {\r\n    position: relative;\r\n    display: block;\r\n    width: calc(50% - 15px);\r\n    min-height:400px;\r\n}\r\n.content_w_image#image_w_text_section-block_c574a2ee6370034db632398b3561bdcc .img .image_wrapper{\r\n    position: absolute;\r\n    display: block;\r\n    width: 100%;\r\n    height:70%;\r\n    bottom:0;\r\n    background: linear-gradient(90deg, rgba(79,15,119,1), rgba(79,15,119,0.25));\r\n    z-index: 1;\r\n    border-radius:20px;\r\n}\r\n@media (max-width: 991px) {\r\n  .content_w_image#image_w_text_section-block_c574a2ee6370034db632398b3561bdcc .img {\r\n    width: 100%;\r\n  }\r\n}\r\n.content_w_image#image_w_text_section-block_c574a2ee6370034db632398b3561bdcc .img img {\r\n  position: absolute;\r\n  display: block;\r\n  max-height: 100%;\r\n  min-height:420px;\r\n  max-width: 100%;\r\n  bottom:0;\r\n  object-position: bottom center;\r\n  object-fit: cover;\r\n  z-index: 2;\r\n  left:50%;\r\n  transform:translateX(-50%);\r\n}\r\n.content_w_image#image_w_text_section-block_c574a2ee6370034db632398b3561bdcc.right .content {\r\n  order: 1;\r\n}\r\n@media (max-width: 991px) {\r\n  .content_w_image#image_w_text_section-block_c574a2ee6370034db632398b3561bdcc.right .content {\r\n    order: 2;\r\n  }\r\n}\r\n.content_w_image#image_w_text_section-block_c574a2ee6370034db632398b3561bdcc.right .img {\r\n  order: 2;\r\n}\r\n@media (max-width: 991px) {\r\n  .content_w_image#image_w_text_section-block_c574a2ee6370034db632398b3561bdcc.right .img {\r\n    order: 1;\r\n  }\r\n}\r\n.content_w_image#image_w_text_section-block_c574a2ee6370034db632398b3561bdcc.left .content {\r\n  order: 2;\r\n}\r\n@media (max-width: 991px) {\r\n  .content_w_image#image_w_text_section-block_c574a2ee6370034db632398b3561bdcc.left .content {\r\n    order: 2;\r\n  }\r\n}\r\n.content_w_image#image_w_text_section-block_c574a2ee6370034db632398b3561bdcc.left .img {\r\n  order: 1;\r\n}\r\n@media (max-width: 991px) {\r\n  .content_w_image#image_w_text_section-block_c574a2ee6370034db632398b3561bdcc.left .img {\r\n    order: 1;\r\n  }\r\n}\r\n<\/style>\n<h2 class=\"wp-block-heading has-text-align-center\">Nuestro compromiso con los usuarios<\/h2>\n\n<p class=\"has-text-align-center\">Nos comprometemos a proporcionar a nuestros usuarios la mejor experiencia posible en nuestra plataforma. Eso significa innovar y mejorar constantemente nuestras herramientas y funciones bas\u00e1ndonos en los comentarios de los usuarios. Tambi\u00e9n significa proporcionar un servicio de atenci\u00f3n al cliente de primera categor\u00eda para ayudar a los usuarios a sacar el m\u00e1ximo partido de RythmoTrade.<\/p>\n\n<p class=\"has-text-align-center\">Tanto si eres un trader experimentado que busca automatizar sus estrategias como si eres un principiante que quiere iniciarse en la inversi\u00f3n en criptomonedas, RythmoTrade tiene algo que ofrecerte. Te invitamos a que te registres en una cuenta hoy mismo y empieces a explorar todas las posibilidades del comercio automatizado de criptomonedas. \u00a1\u00danete a nosotros en este emocionante viaje mientras damos forma juntos al futuro de la criptoinversi\u00f3n!<\/p>\n","protected":false},"excerpt":{"rendered":"<p>Acerca de RythmoTrade En RythmoTrade, nuestra misi\u00f3n es revolucionar la forma de invertir en criptomonedas. Creemos que todo el mundo deber\u00eda tener acceso a potentes herramientas y estrategias para automatizar sus operaciones con criptomonedas y maximizar sus beneficios potenciales. Nuestra historia RythmoTrade fue fundada en 2020 por un equipo de operadores experimentados e ingenieros de [&hellip;]<\/p>\n","protected":false},"author":1,"featured_media":0,"parent":0,"menu_order":0,"comment_status":"closed","ping_status":"closed","template":"","meta":{"_acf_changed":false,"inline_featured_image":false,"_monsterinsights_skip_tracking":false,"_monsterinsights_sitenote_active":false,"_monsterinsights_sitenote_note":"","_monsterinsights_sitenote_category":0,"footnotes":""},"class_list":["post-163","page","type-page","status-publish","hentry"],"acf":[],"_links":{"self":[{"href":"https:\/\/rythmotrade.com\/es\/wp-json\/wp\/v2\/pages\/163","targetHints":{"allow":["GET"]}}],"collection":[{"href":"https:\/\/rythmotrade.com\/es\/wp-json\/wp\/v2\/pages"}],"about":[{"href":"https:\/\/rythmotrade.com\/es\/wp-json\/wp\/v2\/types\/page"}],"author":[{"embeddable":true,"href":"https:\/\/rythmotrade.com\/es\/wp-json\/wp\/v2\/users\/1"}],"replies":[{"embeddable":true,"href":"https:\/\/rythmotrade.com\/es\/wp-json\/wp\/v2\/comments?post=163"}],"version-history":[{"count":0,"href":"https:\/\/rythmotrade.com\/es\/wp-json\/wp\/v2\/pages\/163\/revisions"}],"wp:attachment":[{"href":"https:\/\/rythmotrade.com\/es\/wp-json\/wp\/v2\/media?parent=163"}],"curies":[{"name":"wp","href":"https:\/\/api.w.org\/{rel}","templated":true}]}}