{"id":237,"date":"2024-04-19T15:22:48","date_gmt":"2024-04-19T15:22:48","guid":{"rendered":"https:\/\/rythmotrade.com\/kontakt-oss\/"},"modified":"2024-05-15T08:27:28","modified_gmt":"2024-05-15T08:27:28","slug":"kontakt-oss","status":"publish","type":"page","link":"https:\/\/rythmotrade.com\/no\/kontakt-oss\/","title":{"rendered":"Kontakt oss"},"content":{"rendered":"\n<h1 class=\"wp-block-heading\">Kontakt oss<\/h1>\n\n<p>Hos RythmoTrade verdsetter vi \u00e5pen kommunikasjon med brukerne v\u00e5re, og vi er alltid glade for \u00e5 h\u00f8re fra deg. Enten du har et sp\u00f8rsm\u00e5l, et forslag eller bare \u00f8nsker \u00e5 dele dine erfaringer med plattformen v\u00e5r, er v\u00e5rt vennlige og kunnskapsrike supportteam her for \u00e5 hjelpe deg.<\/p>\n\n<div class=\"wp-block-columns is-layout-flex wp-container-core-columns-is-layout-9d6595d7 wp-block-columns-is-layout-flex\">\n<div class=\"wp-block-column is-layout-flow wp-block-column-is-layout-flow\">\n<h2 class=\"wp-block-heading\">M\u00e5ter \u00e5 kontakte oss p\u00e5<\/h2>\n\n\n\n<ul class=\"wp-block-list\">\n<li>Send inn en <strong>supportbillett<\/strong> &#8211; Den raskeste og mest effektive m\u00e5ten \u00e5 komme i kontakt med oss p\u00e5 er \u00e5 sende inn en supportbillett via v\u00e5rt hjelpesenter. Klikk p\u00e5 knappen &laquo;Send inn en billett&raquo; og fyll ut skjemaet med sp\u00f8rsm\u00e5let eller bekymringen din. Kundest\u00f8tteteamet v\u00e5rt vil ta kontakt med deg s\u00e5 snart som mulig, vanligvis innen 24 timer.<\/li>\n\n\n\n<li><strong>E-post<\/strong> &#8211; oss Du kan ogs\u00e5 kontakte oss direkte ved \u00e5 sende en e-post til <a href=\"mailto:support@rythmotrade.com\">support@rythmotrade.com.<\/a> Oppgi s\u00e5 mange detaljer som mulig om problemet eller sp\u00f8rsm\u00e5let ditt, s\u00e5 skal vi gj\u00f8re v\u00e5rt beste for \u00e5 gi deg et raskt og hjelpsomt svar.<\/li>\n<\/ul>\n<\/div>\n\n\n\n<div class=\"wp-block-column is-layout-flow wp-block-column-is-layout-flow\">\n<h2 class=\"wp-block-heading\">Kontaktinformasjon<\/h2>\n\n\n\n<p>Vi er alltid glade for \u00e5 h\u00f8re fra brukerne v\u00e5re og ser frem til \u00e5 hjelpe deg med \u00e5 f\u00e5 mest mulig ut av RythmoTrade-opplevelsen din. Ikke n\u00f8l med \u00e5 ta kontakt hvis du har sp\u00f8rsm\u00e5l, kommentarer eller bekymringer. Takk for at du valgte RythmoTrade som din p\u00e5litelige plattform for automatisert kryptohandel!<\/p>\n\n\n\n<div class=\"wpcf7 no-js\" id=\"wpcf7-f72-o1\" lang=\"en-US\" dir=\"ltr\">\n<div class=\"screen-reader-response\"><p role=\"status\" aria-live=\"polite\" aria-atomic=\"true\"><\/p> <ul><\/ul><\/div>\n<form action=\"\/no\/wp-json\/wp\/v2\/pages\/237#wpcf7-f72-o1\" method=\"post\" class=\"wpcf7-form init\" aria-label=\"Contact form\" novalidate=\"novalidate\" data-status=\"init\">\n<div style=\"display: none;\">\n<input type=\"hidden\" name=\"_wpcf7\" value=\"72\" \/>\n<input type=\"hidden\" name=\"_wpcf7_version\" value=\"5.9.4\" \/>\n<input type=\"hidden\" name=\"_wpcf7_locale\" value=\"en_US\" \/>\n<input type=\"hidden\" name=\"_wpcf7_unit_tag\" value=\"wpcf7-f72-o1\" \/>\n<input type=\"hidden\" name=\"_wpcf7_container_post\" value=\"0\" \/>\n<input type=\"hidden\" name=\"_wpcf7_posted_data_hash\" value=\"\" \/>\n<\/div>\n<p><label> Your name<br \/>\n<span class=\"wpcf7-form-control-wrap\" data-name=\"your-name\"><input size=\"40\" class=\"wpcf7-form-control wpcf7-text wpcf7-validates-as-required\" autocomplete=\"name\" aria-required=\"true\" aria-invalid=\"false\" value=\"\" type=\"text\" name=\"your-name\" \/><\/span> <\/label>\n<\/p>\n<p><label> Your email<br \/>\n<span class=\"wpcf7-form-control-wrap\" data-name=\"your-email\"><input size=\"40\" class=\"wpcf7-form-control wpcf7-email wpcf7-validates-as-required wpcf7-text wpcf7-validates-as-email\" autocomplete=\"email\" aria-required=\"true\" aria-invalid=\"false\" value=\"\" type=\"email\" name=\"your-email\" \/><\/span> <\/label>\n<\/p>\n<p><label> Subject<br \/>\n<span class=\"wpcf7-form-control-wrap\" data-name=\"your-subject\"><input size=\"40\" class=\"wpcf7-form-control wpcf7-text wpcf7-validates-as-required\" aria-required=\"true\" aria-invalid=\"false\" value=\"\" type=\"text\" name=\"your-subject\" \/><\/span> <\/label>\n<\/p>\n<p><label> Your message (optional)<br \/>\n<span class=\"wpcf7-form-control-wrap\" data-name=\"your-message\"><textarea cols=\"40\" rows=\"10\" class=\"wpcf7-form-control wpcf7-textarea\" aria-invalid=\"false\" name=\"your-message\"><\/textarea><\/span> <\/label>\n<\/p>\n<p><input class=\"wpcf7-form-control wpcf7-submit has-spinner\" type=\"submit\" value=\"Submit\" \/>\n<\/p><div class=\"wpcf7-response-output\" aria-hidden=\"true\"><\/div>\n<\/form>\n<\/div>\n\n<\/div>\n<\/div>\n","protected":false},"excerpt":{"rendered":"<p>Kontakt oss Hos RythmoTrade verdsetter vi \u00e5pen kommunikasjon med brukerne v\u00e5re, og vi er alltid glade for \u00e5 h\u00f8re fra deg. Enten du har et sp\u00f8rsm\u00e5l, et forslag eller bare \u00f8nsker \u00e5 dele dine erfaringer med plattformen v\u00e5r, er v\u00e5rt vennlige og kunnskapsrike supportteam her for \u00e5 hjelpe deg. M\u00e5ter \u00e5 kontakte oss p\u00e5 Kontaktinformasjon [&hellip;]<\/p>\n","protected":false},"author":1,"featured_media":0,"parent":0,"menu_order":0,"comment_status":"closed","ping_status":"closed","template":"","meta":{"_acf_changed":false,"inline_featured_image":false,"_monsterinsights_skip_tracking":false,"_monsterinsights_sitenote_active":false,"_monsterinsights_sitenote_note":"","_monsterinsights_sitenote_category":0,"footnotes":""},"class_list":["post-237","page","type-page","status-publish","hentry"],"acf":[],"_links":{"self":[{"href":"https:\/\/rythmotrade.com\/no\/wp-json\/wp\/v2\/pages\/237","targetHints":{"allow":["GET"]}}],"collection":[{"href":"https:\/\/rythmotrade.com\/no\/wp-json\/wp\/v2\/pages"}],"about":[{"href":"https:\/\/rythmotrade.com\/no\/wp-json\/wp\/v2\/types\/page"}],"author":[{"embeddable":true,"href":"https:\/\/rythmotrade.com\/no\/wp-json\/wp\/v2\/users\/1"}],"replies":[{"embeddable":true,"href":"https:\/\/rythmotrade.com\/no\/wp-json\/wp\/v2\/comments?post=237"}],"version-history":[{"count":0,"href":"https:\/\/rythmotrade.com\/no\/wp-json\/wp\/v2\/pages\/237\/revisions"}],"wp:attachment":[{"href":"https:\/\/rythmotrade.com\/no\/wp-json\/wp\/v2\/media?parent=237"}],"curies":[{"name":"wp","href":"https:\/\/api.w.org\/{rel}","templated":true}]}}