{"id":158,"date":"2024-04-19T15:22:48","date_gmt":"2024-04-19T15:22:48","guid":{"rendered":"https:\/\/rythmotrade.com\/kontakta-oss\/"},"modified":"2024-04-19T16:07:04","modified_gmt":"2024-04-19T16:07:04","slug":"kontakta-oss","status":"publish","type":"page","link":"https:\/\/rythmotrade.com\/sv\/kontakta-oss\/","title":{"rendered":"Kontakta oss"},"content":{"rendered":"\n<h1 class=\"wp-block-heading\">Kontakta oss<\/h1>\n\n<p>P\u00e5 RythmoTrade v\u00e4rdes\u00e4tter vi \u00f6ppen kommunikation med v\u00e5ra anv\u00e4ndare och \u00e4r alltid glada att h\u00f6ra fr\u00e5n dig. Oavsett om du har en fr\u00e5ga, ett f\u00f6rslag eller bara vill dela med dig av dina erfarenheter av v\u00e5r plattform finns v\u00e5rt v\u00e4nliga och kunniga supportteam h\u00e4r f\u00f6r att hj\u00e4lpa dig.<\/p>\n\n<div class=\"wp-block-columns is-layout-flex wp-container-core-columns-is-layout-9d6595d7 wp-block-columns-is-layout-flex\">\n<div class=\"wp-block-column is-layout-flow wp-block-column-is-layout-flow\">\n<h2 class=\"wp-block-heading\">S\u00e4tt att kontakta oss<\/h2>\n\n\n\n<ul class=\"wp-block-list\">\n<li><strong>Skicka ett support<\/strong> \u00e4rende &#8211; Det snabbaste och mest effektiva s\u00e4ttet att komma i kontakt med oss \u00e4r att skicka ett support\u00e4rende via v\u00e5rt hj\u00e4lpcenter. Klicka bara p\u00e5 knappen &#8221;Skicka ett \u00e4rende&#8221; och fyll i formul\u00e4ret med din fr\u00e5ga eller ditt problem. V\u00e5rt supportteam \u00e5terkommer till dig s\u00e5 snart som m\u00f6jligt, vanligtvis inom 24 timmar.<\/li>\n\n\n\n<li><strong>E-post<\/strong> &#8211; oss Du kan ocks\u00e5 n\u00e5 oss direkt genom att skicka ett e-postmeddelande till <a href=\"mailto:support@rythmotrade.com\">support@rythmotrade.com<\/a>. Ange s\u00e5 mycket information som m\u00f6jligt om ditt problem eller din fr\u00e5ga, s\u00e5 ska vi g\u00f6ra v\u00e5rt b\u00e4sta f\u00f6r att ge dig ett snabbt och bra svar.<\/li>\n<\/ul>\n<\/div>\n\n\n\n<div class=\"wp-block-column is-layout-flow wp-block-column-is-layout-flow\">\n<h2 class=\"wp-block-heading\">Kontaktinformation<\/h2>\n\n\n\n<p>Vi \u00e4r alltid glada att h\u00f6ra fr\u00e5n v\u00e5ra anv\u00e4ndare och ser fram emot att hj\u00e4lpa dig att f\u00e5 ut s\u00e5 mycket som m\u00f6jligt av din RythmoTrade-upplevelse. Tveka inte att h\u00f6ra av dig om du har n\u00e5gra fr\u00e5gor, kommentarer eller funderingar. Tack f\u00f6r att du valde RythmoTrade som din betrodda plattform f\u00f6r automatiserad kryptohandel!<\/p>\n\n\n\n<div class=\"wpcf7 no-js\" id=\"wpcf7-f72-o1\" lang=\"en-US\" dir=\"ltr\">\n<div class=\"screen-reader-response\"><p role=\"status\" aria-live=\"polite\" aria-atomic=\"true\"><\/p> <ul><\/ul><\/div>\n<form action=\"\/sv\/wp-json\/wp\/v2\/pages\/158#wpcf7-f72-o1\" method=\"post\" class=\"wpcf7-form init\" aria-label=\"Contact form\" novalidate=\"novalidate\" data-status=\"init\">\n<div style=\"display: none;\">\n<input type=\"hidden\" name=\"_wpcf7\" value=\"72\" \/>\n<input type=\"hidden\" name=\"_wpcf7_version\" value=\"5.9.4\" \/>\n<input type=\"hidden\" name=\"_wpcf7_locale\" value=\"en_US\" \/>\n<input type=\"hidden\" name=\"_wpcf7_unit_tag\" value=\"wpcf7-f72-o1\" \/>\n<input type=\"hidden\" name=\"_wpcf7_container_post\" value=\"0\" \/>\n<input type=\"hidden\" name=\"_wpcf7_posted_data_hash\" value=\"\" \/>\n<\/div>\n<p><label> Your name<br \/>\n<span class=\"wpcf7-form-control-wrap\" data-name=\"your-name\"><input size=\"40\" class=\"wpcf7-form-control wpcf7-text wpcf7-validates-as-required\" autocomplete=\"name\" aria-required=\"true\" aria-invalid=\"false\" value=\"\" type=\"text\" name=\"your-name\" \/><\/span> <\/label>\n<\/p>\n<p><label> Your email<br \/>\n<span class=\"wpcf7-form-control-wrap\" data-name=\"your-email\"><input size=\"40\" class=\"wpcf7-form-control wpcf7-email wpcf7-validates-as-required wpcf7-text wpcf7-validates-as-email\" autocomplete=\"email\" aria-required=\"true\" aria-invalid=\"false\" value=\"\" type=\"email\" name=\"your-email\" \/><\/span> <\/label>\n<\/p>\n<p><label> Subject<br \/>\n<span class=\"wpcf7-form-control-wrap\" data-name=\"your-subject\"><input size=\"40\" class=\"wpcf7-form-control wpcf7-text wpcf7-validates-as-required\" aria-required=\"true\" aria-invalid=\"false\" value=\"\" type=\"text\" name=\"your-subject\" \/><\/span> <\/label>\n<\/p>\n<p><label> Your message (optional)<br \/>\n<span class=\"wpcf7-form-control-wrap\" data-name=\"your-message\"><textarea cols=\"40\" rows=\"10\" class=\"wpcf7-form-control wpcf7-textarea\" aria-invalid=\"false\" name=\"your-message\"><\/textarea><\/span> <\/label>\n<\/p>\n<p><input class=\"wpcf7-form-control wpcf7-submit has-spinner\" type=\"submit\" value=\"Submit\" \/>\n<\/p><div class=\"wpcf7-response-output\" aria-hidden=\"true\"><\/div>\n<\/form>\n<\/div>\n\n<\/div>\n<\/div>\n","protected":false},"excerpt":{"rendered":"<p>Kontakta oss P\u00e5 RythmoTrade v\u00e4rdes\u00e4tter vi \u00f6ppen kommunikation med v\u00e5ra anv\u00e4ndare och \u00e4r alltid glada att h\u00f6ra fr\u00e5n dig. Oavsett om du har en fr\u00e5ga, ett f\u00f6rslag eller bara vill dela med dig av dina erfarenheter av v\u00e5r plattform finns v\u00e5rt v\u00e4nliga och kunniga supportteam h\u00e4r f\u00f6r att hj\u00e4lpa dig. S\u00e4tt att kontakta oss Kontaktinformation [&hellip;]<\/p>\n","protected":false},"author":1,"featured_media":0,"parent":0,"menu_order":0,"comment_status":"closed","ping_status":"closed","template":"","meta":{"_acf_changed":false,"inline_featured_image":false,"_monsterinsights_skip_tracking":false,"_monsterinsights_sitenote_active":false,"_monsterinsights_sitenote_note":"","_monsterinsights_sitenote_category":0,"footnotes":""},"class_list":["post-158","page","type-page","status-publish","hentry"],"acf":[],"_links":{"self":[{"href":"https:\/\/rythmotrade.com\/sv\/wp-json\/wp\/v2\/pages\/158","targetHints":{"allow":["GET"]}}],"collection":[{"href":"https:\/\/rythmotrade.com\/sv\/wp-json\/wp\/v2\/pages"}],"about":[{"href":"https:\/\/rythmotrade.com\/sv\/wp-json\/wp\/v2\/types\/page"}],"author":[{"embeddable":true,"href":"https:\/\/rythmotrade.com\/sv\/wp-json\/wp\/v2\/users\/1"}],"replies":[{"embeddable":true,"href":"https:\/\/rythmotrade.com\/sv\/wp-json\/wp\/v2\/comments?post=158"}],"version-history":[{"count":0,"href":"https:\/\/rythmotrade.com\/sv\/wp-json\/wp\/v2\/pages\/158\/revisions"}],"wp:attachment":[{"href":"https:\/\/rythmotrade.com\/sv\/wp-json\/wp\/v2\/media?parent=158"}],"curies":[{"name":"wp","href":"https:\/\/api.w.org\/{rel}","templated":true}]}}