{"id":164,"date":"2024-04-19T15:16:03","date_gmt":"2024-04-19T15:16:03","guid":{"rendered":"https:\/\/rythmotrade.com\/om-oss\/"},"modified":"2024-04-19T16:07:04","modified_gmt":"2024-04-19T16:07:04","slug":"om-oss","status":"publish","type":"page","link":"https:\/\/rythmotrade.com\/sv\/om-oss\/","title":{"rendered":"Om oss"},"content":{"rendered":"\n<h1 class=\"wp-block-heading has-text-align-center\">Om RythmoTrade<\/h1>\n\n<p class=\"has-text-align-center\">P\u00e5 RythmoTrade \u00e4r v\u00e5rt uppdrag att revolutionera hur m\u00e4nniskor investerar i kryptovalutor. Vi anser att alla b\u00f6r ha tillg\u00e5ng till kraftfulla verktyg och strategier f\u00f6r att automatisera sin kryptohandel och maximera sin potentiella avkastning.<\/p>\n\n<h2 class=\"wp-block-heading has-text-align-center\">V\u00e5r historia<\/h2>\n\n<p class=\"has-text-align-center\">RythmoTrade grundades 2020 av ett team av erfarna handlare och mjukvaruingenj\u00f6rer som s\u00e5g en m\u00f6jlighet att demokratisera kryptohandeln. De m\u00e4rkte att m\u00e5nga investerare hade sv\u00e5rt att h\u00e4nga med i kryptomarknadernas snabba tempo dygnet runt och gick miste om l\u00f6nsamma m\u00f6jligheter. D\u00e4rf\u00f6r best\u00e4mde de sig f\u00f6r att skapa en plattform som skulle g\u00f6ra det m\u00f6jligt f\u00f6r alla, oavsett handelserfarenhet eller tekniska kunskaper, att enkelt skapa och distribuera sina egna handelsrobotar.<\/p>\n\n<p class=\"has-text-align-center\">Idag har RythmoTrade vuxit till en blomstrande gemenskap av handlare, utvecklare och investerare fr\u00e5n hela v\u00e4rlden. V\u00e5r plattform erbjuder ett brett utbud av funktioner och verktyg som hj\u00e4lper anv\u00e4ndare att automatisera sina handelsstrategier, inklusive<\/p>\n\n<ul class=\"wp-block-list\">\n<li>En anv\u00e4ndarv\u00e4nlig, webbaserad editor f\u00f6r att skapa anpassade handelsrobotar (med st\u00f6d f\u00f6r Python och visuell programmering)<\/li>\n\n\n\n<li>En snabb och tillf\u00f6rlitlig backtesting-motor f\u00f6r att testa strategier p\u00e5 historiska data<\/li>\n\n\n\n<li>Enkel drifts\u00e4ttning av robotar till dina f\u00f6redragna kryptob\u00f6rser<\/li>\n\n\n\n<li>En marknadsplats f\u00f6r uthyrning av l\u00f6nsamma robotar som skapats av erfarna handlare<\/li>\n\n\n\n<li>Marginalhandel med upp till 5x h\u00e4vst\u00e5ng (f\u00f6r anv\u00e4ndare som prenumererar p\u00e5 v\u00e5rt till\u00e4gg Marginalhandel)<\/li>\n<\/ul>\n\r\n<section class=\"content_with_image_section\">\r\n    <div class=\"container\">\r\n        <div class=\"row\">\r\n            <div class=\"col-12\">\r\n                <div class=\"content_w_image right\" id=\"image_w_text_section-block_a98ffe199ccd01b66c47826699dfeda4\">\r\n                    <div class=\"content bottom_self\">\r\n                        <div>\r\n                            <h2 class=\"whitespace-pre-wrap break-words\">V\u00e5rt fokus p\u00e5 s\u00e4kerhet<\/h2>\n<p class=\"whitespace-pre-wrap break-words\">P\u00e5 RythmoTrade f\u00f6rst\u00e5r vi att s\u00e4kerhet \u00e4r av st\u00f6rsta vikt n\u00e4r det g\u00e4ller dina medel och immateriella r\u00e4ttigheter. D\u00e4rf\u00f6r anv\u00e4nder vi toppmodern kryptering och s\u00e4kra API:er f\u00f6r att skydda era data och tillg\u00e5ngar. Vi har aldrig tillg\u00e5ng till dina hemliga API-nycklar, som lagras p\u00e5 ett s\u00e4kert s\u00e4tt p\u00e5 din enhet. Med RythmoTrade kan du k\u00e4nna dig trygg med att dina fonder och algoritmer \u00e4r s\u00e4kra och skyddade.<\/p>\n                        <\/div>\r\n                    <\/div>\r\n                    <div class=\"img\">\r\n                        <img decoding=\"async\" src=\"https:\/\/rythmotrade.com\/wp-content\/uploads\/2024\/04\/rythmotrade-favicon-color.svg\" alt=\"Image\">\r\n                        <div class=\"image_wrapper\"><\/div>\r\n                    <\/div>\r\n                <\/div>\r\n            <\/div>\r\n        <\/div>\r\n    <\/div>\r\n<\/section>\r\n\r\n<style>\r\n.content_w_image#image_w_text_section-block_a98ffe199ccd01b66c47826699dfeda4 {\r\n  position: relative;\r\n  display: flex;\r\n  flex-direction: row;\r\n  align-items: stretch;\r\n  justify-content: flex-start;\r\n  width: 100%;\r\n  gap: 30px;\r\n  flex-wrap: wrap;\r\n}\r\n.content_w_image#image_w_text_section-block_a98ffe199ccd01b66c47826699dfeda4 .content {\r\n  display: flex;\r\n  flex-direction: row;\r\n  justify-content: flex-start;\r\n  width: calc(50% - 15px);\r\n}\r\n@media (max-width: 991px) {\r\n  .content_w_image#image_w_text_section-block_a98ffe199ccd01b66c47826699dfeda4 .content {\r\n    width: 100%;\r\n  }\r\n}\r\n.content_w_image#image_w_text_section-block_a98ffe199ccd01b66c47826699dfeda4 .content.bottom_self {\r\n  align-items: flex-end;\r\n}\r\n.content_w_image#image_w_text_section-block_a98ffe199ccd01b66c47826699dfeda4 .content > div {\r\n  position: relative;\r\n  display: block;\r\n  width: 100%;\r\n}\r\n.content_w_image#image_w_text_section-block_a98ffe199ccd01b66c47826699dfeda4 .img {\r\n    position: relative;\r\n    display: block;\r\n    width: calc(50% - 15px);\r\n    min-height:400px;\r\n}\r\n.content_w_image#image_w_text_section-block_a98ffe199ccd01b66c47826699dfeda4 .img .image_wrapper{\r\n    position: absolute;\r\n    display: block;\r\n    width: 100%;\r\n    height:70%;\r\n    bottom:0;\r\n    background: linear-gradient(90deg, rgba(79,15,119,1), rgba(79,15,119,0.25));\r\n    z-index: 1;\r\n    border-radius:20px;\r\n}\r\n@media (max-width: 991px) {\r\n  .content_w_image#image_w_text_section-block_a98ffe199ccd01b66c47826699dfeda4 .img {\r\n    width: 100%;\r\n  }\r\n}\r\n.content_w_image#image_w_text_section-block_a98ffe199ccd01b66c47826699dfeda4 .img img {\r\n  position: absolute;\r\n  display: block;\r\n  max-height: 100%;\r\n  min-height:420px;\r\n  max-width: 100%;\r\n  bottom:0;\r\n  object-position: bottom center;\r\n  object-fit: cover;\r\n  z-index: 2;\r\n  left:50%;\r\n  transform:translateX(-50%);\r\n}\r\n.content_w_image#image_w_text_section-block_a98ffe199ccd01b66c47826699dfeda4.right .content {\r\n  order: 1;\r\n}\r\n@media (max-width: 991px) {\r\n  .content_w_image#image_w_text_section-block_a98ffe199ccd01b66c47826699dfeda4.right .content {\r\n    order: 2;\r\n  }\r\n}\r\n.content_w_image#image_w_text_section-block_a98ffe199ccd01b66c47826699dfeda4.right .img {\r\n  order: 2;\r\n}\r\n@media (max-width: 991px) {\r\n  .content_w_image#image_w_text_section-block_a98ffe199ccd01b66c47826699dfeda4.right .img {\r\n    order: 1;\r\n  }\r\n}\r\n.content_w_image#image_w_text_section-block_a98ffe199ccd01b66c47826699dfeda4.left .content {\r\n  order: 2;\r\n}\r\n@media (max-width: 991px) {\r\n  .content_w_image#image_w_text_section-block_a98ffe199ccd01b66c47826699dfeda4.left .content {\r\n    order: 2;\r\n  }\r\n}\r\n.content_w_image#image_w_text_section-block_a98ffe199ccd01b66c47826699dfeda4.left .img {\r\n  order: 1;\r\n}\r\n@media (max-width: 991px) {\r\n  .content_w_image#image_w_text_section-block_a98ffe199ccd01b66c47826699dfeda4.left .img {\r\n    order: 1;\r\n  }\r\n}\r\n<\/style>\n<h2 class=\"wp-block-heading has-text-align-center\">V\u00e5rt \u00e5tagande gentemot v\u00e5ra anv\u00e4ndare<\/h2>\n\n<p class=\"has-text-align-center\">Vi \u00e4r fast beslutna att ge v\u00e5ra anv\u00e4ndare b\u00e4sta m\u00f6jliga upplevelse p\u00e5 v\u00e5r plattform. Det inneb\u00e4r att vi st\u00e4ndigt f\u00f6rnyar och f\u00f6rb\u00e4ttrar v\u00e5ra verktyg och funktioner baserat p\u00e5 feedback fr\u00e5n anv\u00e4ndarna. Det inneb\u00e4r ocks\u00e5 att tillhandah\u00e5lla f\u00f6rstklassig kundsupport f\u00f6r att hj\u00e4lpa anv\u00e4ndare att f\u00e5 ut det mesta av RythmoTrade.<\/p>\n\n<p class=\"has-text-align-center\">Oavsett om du \u00e4r en erfaren handlare som vill automatisera dina strategier eller en nyb\u00f6rjare som vill komma ig\u00e5ng med kryptoinvestering, har RythmoTrade n\u00e5got att erbjuda. Vi uppmanar dig att registrera dig f\u00f6r ett konto idag och b\u00f6rja utforska alla m\u00f6jligheter med automatiserad kryptohandel. F\u00f6lj med oss p\u00e5 denna sp\u00e4nnande resa n\u00e4r vi tillsammans formar framtiden f\u00f6r kryptoinvesteringar!<\/p>\n","protected":false},"excerpt":{"rendered":"<p>Om RythmoTrade P\u00e5 RythmoTrade \u00e4r v\u00e5rt uppdrag att revolutionera hur m\u00e4nniskor investerar i kryptovalutor. Vi anser att alla b\u00f6r ha tillg\u00e5ng till kraftfulla verktyg och strategier f\u00f6r att automatisera sin kryptohandel och maximera sin potentiella avkastning. V\u00e5r historia RythmoTrade grundades 2020 av ett team av erfarna handlare och mjukvaruingenj\u00f6rer som s\u00e5g en m\u00f6jlighet att demokratisera [&hellip;]<\/p>\n","protected":false},"author":1,"featured_media":0,"parent":0,"menu_order":0,"comment_status":"closed","ping_status":"closed","template":"","meta":{"_acf_changed":false,"inline_featured_image":false,"_monsterinsights_skip_tracking":false,"_monsterinsights_sitenote_active":false,"_monsterinsights_sitenote_note":"","_monsterinsights_sitenote_category":0,"footnotes":""},"class_list":["post-164","page","type-page","status-publish","hentry"],"acf":[],"_links":{"self":[{"href":"https:\/\/rythmotrade.com\/sv\/wp-json\/wp\/v2\/pages\/164","targetHints":{"allow":["GET"]}}],"collection":[{"href":"https:\/\/rythmotrade.com\/sv\/wp-json\/wp\/v2\/pages"}],"about":[{"href":"https:\/\/rythmotrade.com\/sv\/wp-json\/wp\/v2\/types\/page"}],"author":[{"embeddable":true,"href":"https:\/\/rythmotrade.com\/sv\/wp-json\/wp\/v2\/users\/1"}],"replies":[{"embeddable":true,"href":"https:\/\/rythmotrade.com\/sv\/wp-json\/wp\/v2\/comments?post=164"}],"version-history":[{"count":0,"href":"https:\/\/rythmotrade.com\/sv\/wp-json\/wp\/v2\/pages\/164\/revisions"}],"wp:attachment":[{"href":"https:\/\/rythmotrade.com\/sv\/wp-json\/wp\/v2\/media?parent=164"}],"curies":[{"name":"wp","href":"https:\/\/api.w.org\/{rel}","templated":true}]}}